{"id":781,"date":"2021-07-08T11:12:48","date_gmt":"2021-07-08T08:12:48","guid":{"rendered":"https:\/\/www.normkys.com\/?page_id=781"},"modified":"2021-07-08T14:52:06","modified_gmt":"2021-07-08T11:52:06","slug":"tpm-takip-sistemi","status":"publish","type":"page","link":"https:\/\/www.normkys.com\/?page_id=781","title":{"rendered":"TPM Takip &#8211; \u00d6neri \u00d6d\u00fcl Sistemi"},"content":{"rendered":"\n<p><\/p>\n\n\n\n<p>TPM \u00e7al\u0131\u015fanlar\u0131, makineleri ve ekipmanlar\u0131 geli\u015ftirerek \u015firket k\u00fclt\u00fcr\u00fcn\u00fc geli\u015ftirmeyi ama\u00e7layan sistemdir. <\/p>\n\n\n\n<p>TPM Takip sistemi ile \u00e7al\u0131\u015fanlar\u0131n verdi\u011fi \u00f6nerilerin \u00d6ncesi Sonras\u0131 Kaizene d\u00f6n\u00fc\u015ft\u00fcr\u00fclerek ekip \u00e7al\u0131\u015fmas\u0131 yap\u0131lmas\u0131 hedeflenmektedir.<\/p>\n\n\n\n<p>\u00d6neri \u00f6d\u00fcl sistemi ile \u00e7al\u0131\u015fanlar yapt\u0131klar\u0131 \u00f6ncesi sonras\u0131 kaizen, kobetsu kaize, poke yoke ve \u00f6nerilerden puan kazan\u0131r ve belirlenen \u00f6d\u00fcle hak kazan\u0131r.<\/p>\n\n\n\n<p><strong>Sistemin Ana Bile\u015fenleri;<\/strong><\/p>\n\n\n\n<p>\u00d6neri Sistemi<br>\u00d6d\u00fcl Sistemi<br>Kaizen Takip Sistemi<br>Poke Yoke Sistemi<br>Tek Nokta Dersleri<br>Otonom Bak\u0131m Sistemi<br>Ramak Kald\u0131 Bildirimi<br>Anormallik Bildirimi<\/p>\n","protected":false},"excerpt":{"rendered":"<p>TPM \u00e7al\u0131\u015fanlar\u0131, makineleri ve ekipmanlar\u0131 geli\u015ftirerek \u015firket k\u00fclt\u00fcr\u00fcn\u00fc geli\u015ftirmeyi ama\u00e7layan sistemdir. TPM Takip sistemi ile \u00e7al\u0131\u015fanlar\u0131n verdi\u011fi \u00f6nerilerin \u00d6ncesi Sonras\u0131 Kaizene d\u00f6n\u00fc\u015ft\u00fcr\u00fclerek ekip \u00e7al\u0131\u015fmas\u0131 yap\u0131lmas\u0131 hedeflenmektedir. \u00d6neri \u00f6d\u00fcl sistemi ile \u00e7al\u0131\u015fanlar yapt\u0131klar\u0131 \u00f6ncesi sonras\u0131 kaizen, kobetsu kaize, poke yoke ve \u00f6nerilerden puan kazan\u0131r ve belirlenen \u00f6d\u00fcle hak kazan\u0131r. Sistemin Ana Bile\u015fenleri; \u00d6neri Sistemi\u00d6d\u00fcl SistemiKaizen Takip&hellip;&nbsp;<a href=\"https:\/\/www.normkys.com\/?page_id=781\" rel=\"bookmark\">Daha fazlas\u0131n\u0131 oku &raquo;<span class=\"screen-reader-text\">TPM Takip &#8211; \u00d6neri \u00d6d\u00fcl Sistemi<\/span><\/a><\/p>\n","protected":false},"author":1,"featured_media":0,"parent":0,"menu_order":0,"comment_status":"closed","ping_status":"closed","template":"","meta":{"neve_meta_sidebar":"full-width","neve_meta_container":"","neve_meta_enable_content_width":"on","neve_meta_content_width":100,"neve_meta_title_alignment":"","neve_meta_author_avatar":"","neve_post_elements_order":"","neve_meta_disable_header":"","neve_meta_disable_footer":"","neve_meta_disable_title":"","_themeisle_gutenberg_block_has_review":false,"footnotes":""},"class_list":["post-781","page","type-page","status-publish","hentry"],"aioseo_notices":[],"_links":{"self":[{"href":"https:\/\/www.normkys.com\/index.php?rest_route=\/wp\/v2\/pages\/781","targetHints":{"allow":["GET"]}}],"collection":[{"href":"https:\/\/www.normkys.com\/index.php?rest_route=\/wp\/v2\/pages"}],"about":[{"href":"https:\/\/www.normkys.com\/index.php?rest_route=\/wp\/v2\/types\/page"}],"author":[{"embeddable":true,"href":"https:\/\/www.normkys.com\/index.php?rest_route=\/wp\/v2\/users\/1"}],"replies":[{"embeddable":true,"href":"https:\/\/www.normkys.com\/index.php?rest_route=%2Fwp%2Fv2%2Fcomments&post=781"}],"version-history":[{"count":6,"href":"https:\/\/www.normkys.com\/index.php?rest_route=\/wp\/v2\/pages\/781\/revisions"}],"predecessor-version":[{"id":812,"href":"https:\/\/www.normkys.com\/index.php?rest_route=\/wp\/v2\/pages\/781\/revisions\/812"}],"wp:attachment":[{"href":"https:\/\/www.normkys.com\/index.php?rest_route=%2Fwp%2Fv2%2Fmedia&parent=781"}],"curies":[{"name":"wp","href":"https:\/\/api.w.org\/{rel}","templated":true}]}}