{"id":771,"date":"2021-07-08T10:42:57","date_gmt":"2021-07-08T07:42:57","guid":{"rendered":"https:\/\/www.normkys.com\/?page_id=771"},"modified":"2021-07-08T11:11:16","modified_gmt":"2021-07-08T08:11:16","slug":"ozel-yazilim-gelistirme","status":"publish","type":"page","link":"https:\/\/www.normkys.com\/?page_id=771","title":{"rendered":"\u00d6zel Yaz\u0131l\u0131m Geli\u015ftirme"},"content":{"rendered":"\n<p>20 Y\u0131ll\u0131k farkl\u0131 sekt\u00f6rlerdeki edindi\u011fimiz deneyimlerimiz ile m\u00fc\u015fterilerimizle sinerji yakalar\u0131z, ayn\u0131 dilden konu\u015furuz, birlikte d\u00fc\u015f\u00fcn\u00fcr birlikte yorumlar\u0131z.<br>\u0130htiyac\u0131n\u0131z olan \u00d6zel Yaz\u0131l\u0131m Geli\u015ftirme hizmetimiz ile sizi dinliyoruz, iste\u011finiz \u00fczerine i\u015fletmenizin faaliyetleri ile ilgili olarak ihtiya\u00e7 duydu\u011fu \u00f6zel yaz\u0131l\u0131m ihtiyac\u0131n\u0131 kar\u015f\u0131lamak \u00fczere; \u00f6n analiz, detay analiz ve analiz raporu \u00e7al\u0131\u015fmalar\u0131n\u0131n paralelinde geli\u015ftirme ve uygulama s\u00fcre\u00e7lerini ger\u00e7ekle\u015ftiriyoruz. M\u00fc\u015fterimizin talep etmesi durumunda, gerek dan\u0131\u015fmanl\u0131k hizmetiyle gerekse yaz\u0131l\u0131m geli\u015ftirme grubuna do\u011frudan kat\u0131lmak suretiyle \u00f6zel yaz\u0131l\u0131m geli\u015ftirme s\u00fcrecinde yer alabiliriz.<\/p>\n\n\n\n<p><\/p>\n\n\n\n<h4 class=\"wp-block-heading\">\u00d6ZEL YAZILIM GEL\u0130\u015eT\u0130RME NEDENLER\u0130<\/h4>\n\n\n\n<ul class=\"wp-block-list\"><li>Sekt\u00f6re veya i\u015fletmeye uygun paket yaz\u0131l\u0131m geli\u015ftirilmemi\u015f olmas\u0131,<\/li><li>Y\u00f6netim s\u00fcrecinde ihtiya\u00e7lar\u0131n \u00f6zel yaz\u0131l\u0131m \u00e7\u00f6z\u00fcmleri,<\/li><li>\u00dcretim y\u00f6netiminde istenen \u00f6zel detaylar\u0131n takibinin gereklili\u011fi,<\/li><li>Mevcut yaz\u0131l\u0131m veya donan\u0131mla entegre kontrol ve raporlama \u00e7\u00f6z\u00fcmleri ihtiyac\u0131n\u0131n olmas\u0131,<\/li><li>Rakiplerin \u00f6n\u00fcne ge\u00e7mek, istenilen hedeflere ula\u015fmak i\u00e7in y\u00fcksek performansl\u0131, kolay kullan\u0131m\u0131 olan, g\u00fcvenli, h\u0131zl\u0131, sorunsuz \u00e7al\u0131\u015fan \u00f6zel bir yaz\u0131l\u0131ma ihtiya\u00e7 duyulmas\u0131.<\/li><\/ul>\n\n\n\n<h3 class=\"wp-block-heading\"><strong>Analiz ve Projelendirme<\/strong><\/h3>\n\n\n\n<p>\u00d6zel istek ve hedefler dinlenerek i\u015fin, sekt\u00f6r\u00fcn varsa aksayan sistemin analizi yap\u0131larak konu ile ilgili analiz dok\u00fcman\u0131n olu\u015fturulmas\u0131 ve yap\u0131lacak \u00e7al\u0131\u015fman\u0131n t\u00fcm detaylar\u0131 ile projelendirilmesinin ve i\u015f plan\u0131n\u0131n olu\u015fturulmas\u0131 s\u00fcrecidir.<\/p>\n\n\n\n<h3 class=\"wp-block-heading\">&nbsp;<strong>Geli\u015ftirme\/Uyarlama<\/strong><\/h3>\n\n\n\n<p>Analiz ve projelendirme s\u00fcrecinde t\u00fcm detaylar\u0131 belirlenmi\u015f olan \u00e7al\u0131\u015fman\u0131n yaz\u0131l\u0131m geli\u015ftirme yap\u0131s\u0131 i\u00e7in mimari dizayn yap\u0131larak en uygun ve esnek yap\u0131 olu\u015fturulur. Program aray\u00fczlerinin tasar\u0131mlar\u0131 haz\u0131rlan\u0131r.<\/p>\n\n\n\n<h3 class=\"wp-block-heading\"><strong>UAT-Kullan\u0131c\u0131 Kabul Testleri<\/strong><\/h3>\n\n\n\n<p>\u00d6rnek uygulama i\u00e7in haz\u0131rlanan kodlarla proje detaylar\u0131n\u0131n kar\u015f\u0131la\u015ft\u0131r\u0131ld\u0131\u011f\u0131, kullan\u0131c\u0131 ve y\u00f6netici testlerinin ger\u00e7ekle\u015ftirildi\u011fi s\u00fcre\u00e7tir. Test verileri sonucunda yaz\u0131l\u0131m geli\u015ftirme durumu g\u00f6zden ge\u00e7irilir ve en m\u00fckemmel sonu\u00e7 elde edilinceye kadar test s\u00fcrecine devam edilir.<\/p>\n\n\n\n<h3 class=\"wp-block-heading\"><strong>Kullan\u0131c\u0131 E\u011fitimleri<\/strong><\/h3>\n\n\n\n<p>T\u00fcm testlerden olumlu sonu\u00e7 alan uygulama i\u00e7in sistem kullan\u0131m e\u011fitimi verilir.<\/p>\n\n\n\n<h3 class=\"wp-block-heading\">&nbsp;<strong>\u0130\u015fletim<\/strong><\/h3>\n\n\n\n<p>Canl\u0131 kullan\u0131ma ge\u00e7i\u015f sonras\u0131 yaz\u0131l\u0131m bak\u0131m ve deste\u011fi sunulur. D\u0131\u015f destek kayna\u011f\u0131 ve i\u00e7erik y\u00f6netimi hizmetleri sa\u011flan\u0131r.<\/p>\n","protected":false},"excerpt":{"rendered":"<p>20 Y\u0131ll\u0131k farkl\u0131 sekt\u00f6rlerdeki edindi\u011fimiz deneyimlerimiz ile m\u00fc\u015fterilerimizle sinerji yakalar\u0131z, ayn\u0131 dilden konu\u015furuz, birlikte d\u00fc\u015f\u00fcn\u00fcr birlikte yorumlar\u0131z.\u0130htiyac\u0131n\u0131z olan \u00d6zel Yaz\u0131l\u0131m Geli\u015ftirme hizmetimiz ile sizi dinliyoruz, iste\u011finiz \u00fczerine i\u015fletmenizin faaliyetleri ile ilgili olarak ihtiya\u00e7 duydu\u011fu \u00f6zel yaz\u0131l\u0131m ihtiyac\u0131n\u0131 kar\u015f\u0131lamak \u00fczere; \u00f6n analiz, detay analiz ve analiz raporu \u00e7al\u0131\u015fmalar\u0131n\u0131n paralelinde geli\u015ftirme ve uygulama s\u00fcre\u00e7lerini ger\u00e7ekle\u015ftiriyoruz. M\u00fc\u015fterimizin talep&hellip;&nbsp;<a href=\"https:\/\/www.normkys.com\/?page_id=771\" rel=\"bookmark\">Daha fazlas\u0131n\u0131 oku &raquo;<span class=\"screen-reader-text\">\u00d6zel Yaz\u0131l\u0131m Geli\u015ftirme<\/span><\/a><\/p>\n","protected":false},"author":1,"featured_media":0,"parent":0,"menu_order":0,"comment_status":"closed","ping_status":"closed","template":"","meta":{"neve_meta_sidebar":"full-width","neve_meta_container":"","neve_meta_enable_content_width":"on","neve_meta_content_width":100,"neve_meta_title_alignment":"","neve_meta_author_avatar":"","neve_post_elements_order":"","neve_meta_disable_header":"","neve_meta_disable_footer":"","neve_meta_disable_title":"","_themeisle_gutenberg_block_has_review":false,"footnotes":""},"class_list":["post-771","page","type-page","status-publish","hentry"],"aioseo_notices":[],"_links":{"self":[{"href":"https:\/\/www.normkys.com\/index.php?rest_route=\/wp\/v2\/pages\/771","targetHints":{"allow":["GET"]}}],"collection":[{"href":"https:\/\/www.normkys.com\/index.php?rest_route=\/wp\/v2\/pages"}],"about":[{"href":"https:\/\/www.normkys.com\/index.php?rest_route=\/wp\/v2\/types\/page"}],"author":[{"embeddable":true,"href":"https:\/\/www.normkys.com\/index.php?rest_route=\/wp\/v2\/users\/1"}],"replies":[{"embeddable":true,"href":"https:\/\/www.normkys.com\/index.php?rest_route=%2Fwp%2Fv2%2Fcomments&post=771"}],"version-history":[{"count":2,"href":"https:\/\/www.normkys.com\/index.php?rest_route=\/wp\/v2\/pages\/771\/revisions"}],"predecessor-version":[{"id":780,"href":"https:\/\/www.normkys.com\/index.php?rest_route=\/wp\/v2\/pages\/771\/revisions\/780"}],"wp:attachment":[{"href":"https:\/\/www.normkys.com\/index.php?rest_route=%2Fwp%2Fv2%2Fmedia&parent=771"}],"curies":[{"name":"wp","href":"https:\/\/api.w.org\/{rel}","templated":true}]}}