{"id":629,"date":"2020-01-27T08:05:29","date_gmt":"2020-01-27T08:05:29","guid":{"rendered":"https:\/\/demosites.io\/web-agency-gb\/?page_id=69"},"modified":"2021-12-30T09:48:53","modified_gmt":"2021-12-30T06:48:53","slug":"15c42-web-agency-gb-portfolio-2","status":"publish","type":"page","link":"https:\/\/www.normkys.com\/?page_id=629","title":{"rendered":"\u00c7\u00f6z\u00fcmlerimiz"},"content":{"rendered":"\n<div class=\"wp-block-cover alignfull has-nv-light-bg-background-color has-background-dim\" style=\"min-height:600px;aspect-ratio:unset;\"><div class=\"wp-block-cover__inner-container is-layout-flow wp-block-cover-is-layout-flow\">\n<p><\/p>\n\n\n\n<div class=\"wp-block-group\"><div class=\"wp-block-group__inner-container is-layout-flow wp-block-group-is-layout-flow\">\n<div class=\"wp-block-columns are-vertically-aligned-center is-layout-flex wp-container-core-columns-is-layout-9d6595d7 wp-block-columns-is-layout-flex\">\n<div class=\"wp-block-column is-vertically-aligned-center is-layout-flow wp-block-column-is-layout-flow\" style=\"flex-basis:50%\">\n<div class=\"wp-block-image\"><figure class=\"aligncenter size-large is-resized\"><img loading=\"lazy\" decoding=\"async\" src=\"https:\/\/www.normkys.com\/wp-content\/uploads\/2021\/02\/qd-Kopyasi.png\" alt=\"\" class=\"wp-image-349\" width=\"450\" height=\"450\" srcset=\"https:\/\/www.normkys.com\/wp-content\/uploads\/2021\/02\/qd-Kopyasi.png 600w, https:\/\/www.normkys.com\/wp-content\/uploads\/2021\/02\/qd-Kopyasi-300x300.png 300w, https:\/\/www.normkys.com\/wp-content\/uploads\/2021\/02\/qd-Kopyasi-100x100.png 100w, https:\/\/www.normkys.com\/wp-content\/uploads\/2021\/02\/qd-Kopyasi-150x150.png 150w\" sizes=\"auto, (max-width: 450px) 100vw, 450px\" \/><\/figure><\/div>\n\n\n\n<h3 class=\"has-text-align-center has-neve-text-color-color has-text-color wp-block-heading\"><strong>Entegre Kalite Y\u00f6netim Sistemi<\/strong><\/h3>\n\n\n\n<p class=\"has-text-align-center has-neve-text-color-color has-text-color\">Kalite sistemlerinin s\u00fcrekli geli\u015fimini,<br> organizasyonunuzun ayr\u0131lmaz bir par\u00e7as\u0131 haline getirin.<\/p>\n\n\n\n<p class=\"has-text-align-center has-neve-link-color-color has-text-color\">TECHTIQ Solutions ula\u015f\u0131labilir maliyet politikas\u0131, yal\u0131n ve basit kullan\u0131ml\u0131 mod\u00fclleri ile K\u00fc\u00e7\u00fck, Orta ve B\u00fcy\u00fck \u00f6l\u00e7ekli kurulu\u015flar\u0131n kulland\u0131\u011f\u0131 t\u00fcm Kalite Y\u00f6netim Sistemlerini ve ilgili s\u00fcre\u00e7lerini dijital d\u00f6n\u00fc\u015f\u00fcme ta\u015f\u0131yan \u00e7\u00f6z\u00fcmleri ile firman\u0131z\u0131n maliyetlerini d\u00fc\u015f\u00fcrerek, y\u00fcksek katma de\u011ferli \u00fcr\u00fcnler \u00fcretmenizi sa\u011flayarak, rekabet g\u00fcc\u00fcn\u00fcz\u00fc artt\u0131rarak \u00fclke ekonomisine katk\u0131 sa\u011flaman\u0131za yard\u0131mc\u0131 olacakt\u0131r.<\/p>\n\n\n\n<p><\/p>\n\n\n\n<div class=\"wp-block-buttons is-content-justification-center is-layout-flex wp-block-buttons-is-layout-flex\">\n<div class=\"wp-block-button is-style-primary\"><a class=\"wp-block-button__link\" href=\"https:\/\/www.normkys.com\/?page_id=333\">DETAYLAR \u0130\u00c7\u0130N TIKLAYINIZ..<\/a><\/div>\n<\/div>\n\n\n\n<div style=\"height:40px\" aria-hidden=\"true\" class=\"wp-block-spacer\"><\/div>\n<\/div>\n\n\n\n<div class=\"wp-block-column is-vertically-aligned-center is-layout-flow wp-block-column-is-layout-flow\" style=\"flex-basis:50%\">\n<div class=\"wp-block-image\"><figure class=\"aligncenter size-large is-resized\"><img loading=\"lazy\" decoding=\"async\" src=\"https:\/\/www.normkys.com\/wp-content\/uploads\/2021\/02\/qd.png\" alt=\"\" class=\"wp-image-352\" width=\"450\" height=\"450\" srcset=\"https:\/\/www.normkys.com\/wp-content\/uploads\/2021\/02\/qd.png 600w, https:\/\/www.normkys.com\/wp-content\/uploads\/2021\/02\/qd-300x300.png 300w, https:\/\/www.normkys.com\/wp-content\/uploads\/2021\/02\/qd-100x100.png 100w, https:\/\/www.normkys.com\/wp-content\/uploads\/2021\/02\/qd-150x150.png 150w\" sizes=\"auto, (max-width: 450px) 100vw, 450px\" \/><\/figure><\/div>\n\n\n\n<h3 class=\"has-text-align-center has-neve-text-color-color has-text-color wp-block-heading\"><strong>Belgelendirme, Test ve Kalibrasyon Firmalar\u0131 Dijitial D\u00f6n\u00fc\u015f\u00fcm \u00c7\u00f6z\u00fcmleri<\/strong><\/h3>\n\n\n\n<p class=\"has-text-align-center has-neve-text-color-color has-text-color\">TECTIQ Solutions ihtiyaca uygun geli\u015ftirilmi\u015f mod\u00fclleri ile t\u00fcm belgelendirme, test ve kalibrasyon firmalar\u0131n\u0131n i\u00e7 i\u015flerini kolayla\u015ft\u0131rmaya yard\u0131mc\u0131 olacakt\u0131r.<\/p>\n\n\n\n<p><\/p>\n\n\n\n<br><br><br><br><br>\n\n\n\n<div class=\"wp-block-buttons is-content-justification-center is-layout-flex wp-block-buttons-is-layout-flex\">\n<div class=\"wp-block-button is-style-primary\"><a class=\"wp-block-button__link\" href=\"https:\/\/www.normkys.com\/?page_id=71\">DETAYLAR \u0130\u00c7\u0130N TIKLAYINIZ..<\/a><\/div>\n<\/div>\n\n\n\n<div style=\"height:40px\" aria-hidden=\"true\" class=\"wp-block-spacer\"><\/div>\n<\/div>\n<\/div>\n\n\n\n<div style=\"height:40px\" aria-hidden=\"true\" class=\"wp-block-spacer\"><\/div>\n<\/div><\/div>\n<\/div><\/div>\n\n\n\n<p><\/p>\n","protected":false},"excerpt":{"rendered":"","protected":false},"author":2,"featured_media":0,"parent":0,"menu_order":0,"comment_status":"closed","ping_status":"closed","template":"","meta":{"neve_meta_sidebar":"full-width","neve_meta_container":"","neve_meta_enable_content_width":"on","neve_meta_content_width":100,"neve_meta_title_alignment":"","neve_meta_author_avatar":"","neve_post_elements_order":"","neve_meta_disable_header":"","neve_meta_disable_footer":"","neve_meta_disable_title":"off","_themeisle_gutenberg_block_has_review":false,"footnotes":""},"class_list":["post-629","page","type-page","status-publish","hentry"],"aioseo_notices":[],"_links":{"self":[{"href":"https:\/\/www.normkys.com\/index.php?rest_route=\/wp\/v2\/pages\/629","targetHints":{"allow":["GET"]}}],"collection":[{"href":"https:\/\/www.normkys.com\/index.php?rest_route=\/wp\/v2\/pages"}],"about":[{"href":"https:\/\/www.normkys.com\/index.php?rest_route=\/wp\/v2\/types\/page"}],"author":[{"embeddable":true,"href":"https:\/\/www.normkys.com\/index.php?rest_route=\/wp\/v2\/users\/2"}],"replies":[{"embeddable":true,"href":"https:\/\/www.normkys.com\/index.php?rest_route=%2Fwp%2Fv2%2Fcomments&post=629"}],"version-history":[{"count":2,"href":"https:\/\/www.normkys.com\/index.php?rest_route=\/wp\/v2\/pages\/629\/revisions"}],"predecessor-version":[{"id":839,"href":"https:\/\/www.normkys.com\/index.php?rest_route=\/wp\/v2\/pages\/629\/revisions\/839"}],"wp:attachment":[{"href":"https:\/\/www.normkys.com\/index.php?rest_route=%2Fwp%2Fv2%2Fmedia&parent=629"}],"curies":[{"name":"wp","href":"https:\/\/api.w.org\/{rel}","templated":true}]}}