{"id":628,"date":"2020-01-23T18:21:52","date_gmt":"2020-01-23T18:21:52","guid":{"rendered":"https:\/\/demosites.io\/web-agency-gb\/?page_id=61"},"modified":"2022-05-10T08:12:51","modified_gmt":"2022-05-10T05:12:51","slug":"15c42-web-agency-gb-about-us-2","status":"publish","type":"page","link":"https:\/\/www.normkys.com\/?page_id=628","title":{"rendered":"Hakk\u0131nda"},"content":{"rendered":"\n<div class=\"wp-block-cover alignfull\" style=\"min-height:459px;aspect-ratio:unset;\"><span aria-hidden=\"true\" class=\"has-nv-light-bg-background-color has-background-dim-100 wp-block-cover__gradient-background has-background-dim\"><\/span><div class=\"wp-block-cover__inner-container is-layout-flow wp-block-cover-is-layout-flow\">\n<div class=\"wp-block-group\"><div class=\"wp-block-group__inner-container is-layout-flow wp-block-group-is-layout-flow\">\n<div class=\"wp-block-columns is-layout-flex wp-container-core-columns-is-layout-9d6595d7 wp-block-columns-is-layout-flex\">\n<div class=\"wp-block-column is-layout-flow wp-block-column-is-layout-flow\" style=\"flex-basis:50%\">\n<div class=\"wp-block-image\"><figure class=\"aligncenter size-large is-resized\"><img loading=\"lazy\" decoding=\"async\" src=\"https:\/\/www.normkys.com\/wp-content\/uploads\/2021\/03\/koo.jpeg\" alt=\"\" class=\"wp-image-626\" width=\"445\" height=\"383\" srcset=\"https:\/\/www.normkys.com\/wp-content\/uploads\/2021\/03\/koo.jpeg 800w, https:\/\/www.normkys.com\/wp-content\/uploads\/2021\/03\/koo-600x516.jpeg 600w, https:\/\/www.normkys.com\/wp-content\/uploads\/2021\/03\/koo-300x258.jpeg 300w, https:\/\/www.normkys.com\/wp-content\/uploads\/2021\/03\/koo-768x660.jpeg 768w\" sizes=\"auto, (max-width: 445px) 100vw, 445px\" \/><\/figure><\/div>\n<\/div>\n\n\n\n<div class=\"wp-block-column is-layout-flow wp-block-column-is-layout-flow\" style=\"flex-basis:50%\">\n<h2 class=\"has-neve-text-color-color has-text-color wp-block-heading\">Hakk\u0131nda<\/h2>\n\n\n\n<p class=\"has-neve-text-color-color has-text-color\"><mark style=\"background-color:rgba(0, 0, 0, 0)\" class=\"has-inline-color has-neve-link-color-color\">TECHTIQ Solutions, Yaz\u0131l\u0131m \u00e7\u00f6z\u00fcmlerini Cloud veya On Premise olarak geli\u015ftirmekte ve m\u00fc\u015fterilerine sunmaktad\u0131r.  Kolektif House Ofislerinde veya Remote olarak \u00e7al\u0131\u015fan\u0131yla \u2018Bili\u015fim Teknolojileri ve inovasyon\u2019 alan\u0131na odaklanan TECHTIQ Solutions,  m\u00fc\u015fterilerine \u00d6zel \u00c7\u00f6z\u00fcmler sunmaktad\u0131r.<\/mark><\/p>\n\n\n\n<p class=\"has-neve-text-color-color has-text-color\">\u0130\u015f yaz\u0131l\u0131mlar\u0131 ve teknolojileri konusunda Kurumlara, K\u00fc\u00e7\u00fck, Orta ve B\u00fcy\u00fck Kobilere hizmet verilmektedir. TECHTIQ Soolutions, Yaz\u0131l\u0131m uygulamalar\u0131 alan\u0131nda ba\u015fta T\u00fcrkiye olmak \u00fczere \u00e7\u00f6z\u00fcm ortaklar\u0131 ile cloud ve on premise  yaz\u0131l\u0131mlar \u00fcreterek hizmet vermektedir. Ayr\u0131ca t\u00fcm uzmanl\u0131k alanlar\u0131ndaki konular i\u00e7in teknolojik dan\u0131\u015fmanl\u0131k hizmeti de sa\u011flanmaktad\u0131r.<\/p>\n\n\n\n<p class=\"has-neve-text-color-color has-text-color\"><\/p>\n\n\n\n<p class=\"has-neve-text-color-color has-text-color\"><strong>MERS\u0130S Numaras\u0131, Ticaret \u00dcnvan\u0131, Merkez<\/strong><\/p>\n\n\n\n<p class=\"has-neve-text-color-color has-text-color\">Mersis No: 402527***5000001<\/p>\n\n\n\n<p class=\"has-neve-text-color-color has-text-color\">Ticari \u00dcnvan\u0131: Tuba Ate\u015f TECHTIQ Solutions<\/p>\n\n\n\n<p class=\"has-neve-text-color-color has-text-color\">Vergi Dairesi: Kozyata\u011f\u0131 V.D.<\/p>\n\n\n\n<p class=\"has-neve-text-color-color has-text-color\">\u0130stanbul Ticaret Odas\u0131 Sicil Numaras\u0131: 1291817<\/p>\n\n\n\n<p class=\"has-neve-text-color-color has-text-color\">Merkez: Barbaros Mah. Begonya Sok. Nidakule Kolektif House No:1\/2 Ata\u015fehir\/\u0130stanbul<\/p>\n<\/div>\n<\/div>\n<\/div><\/div>\n\n\n\n<div class=\"wp-block-image\"><figure class=\"alignright size-full is-resized\"><img loading=\"lazy\" decoding=\"async\" src=\"https:\/\/www.normkys.com\/wp-content\/uploads\/2022\/04\/normm-1.png\" alt=\"\" class=\"wp-image-1247\" width=\"294\" height=\"471\"\/><figcaption><br><img decoding=\"async\" src=\"https:\/\/www.normkys.com\/wp-content\/uploads\/2022\/04\/WhatsApp-Image-2022-04-08-at-14.17.39-1024x614.jpeg\" alt=\"\"><\/figcaption><\/figure><\/div>\n\n\n\n<p><\/p>\n\n\n\n<p><\/p>\n<\/div><\/div>\n","protected":false},"excerpt":{"rendered":"","protected":false},"author":2,"featured_media":0,"parent":0,"menu_order":0,"comment_status":"closed","ping_status":"closed","template":"","meta":{"neve_meta_sidebar":"default","neve_meta_container":"default","neve_meta_enable_content_width":"on","neve_meta_content_width":100,"neve_meta_title_alignment":"","neve_meta_author_avatar":"","neve_post_elements_order":"","neve_meta_disable_header":"","neve_meta_disable_footer":"","neve_meta_disable_title":"on","_themeisle_gutenberg_block_has_review":false,"footnotes":""},"class_list":["post-628","page","type-page","status-publish","hentry"],"aioseo_notices":[],"_links":{"self":[{"href":"https:\/\/www.normkys.com\/index.php?rest_route=\/wp\/v2\/pages\/628","targetHints":{"allow":["GET"]}}],"collection":[{"href":"https:\/\/www.normkys.com\/index.php?rest_route=\/wp\/v2\/pages"}],"about":[{"href":"https:\/\/www.normkys.com\/index.php?rest_route=\/wp\/v2\/types\/page"}],"author":[{"embeddable":true,"href":"https:\/\/www.normkys.com\/index.php?rest_route=\/wp\/v2\/users\/2"}],"replies":[{"embeddable":true,"href":"https:\/\/www.normkys.com\/index.php?rest_route=%2Fwp%2Fv2%2Fcomments&post=628"}],"version-history":[{"count":32,"href":"https:\/\/www.normkys.com\/index.php?rest_route=\/wp\/v2\/pages\/628\/revisions"}],"predecessor-version":[{"id":1592,"href":"https:\/\/www.normkys.com\/index.php?rest_route=\/wp\/v2\/pages\/628\/revisions\/1592"}],"wp:attachment":[{"href":"https:\/\/www.normkys.com\/index.php?rest_route=%2Fwp%2Fv2%2Fmedia&parent=628"}],"curies":[{"name":"wp","href":"https:\/\/api.w.org\/{rel}","templated":true}]}}