{"id":627,"date":"2021-02-17T16:23:26","date_gmt":"2021-02-17T16:23:26","guid":{"rendered":"https:\/\/www.techtiq.biz\/?page_id=2"},"modified":"2022-04-19T10:18:59","modified_gmt":"2022-04-19T07:18:59","slug":"hizmet-page","status":"publish","type":"page","link":"https:\/\/www.normkys.com\/?page_id=627","title":{"rendered":"Hizmetlerimiz"},"content":{"rendered":"\n<li id=\"menu-item-639\" class=\"menu-item menu-item-type-post_type menu-item-object-page menu-item-639\"><a href=\"https:\/\/www.normkys.com\/?page_id=305\">Entegre Kalite Y\u00f6netim Sistemi Yaz\u0131l\u0131m Destek Hizmetleri<\/a><\/li>\n<li id=\"menu-item-753\" class=\"menu-item menu-item-type-post_type menu-item-object-page menu-item-753\"><a href=\"https:\/\/www.normkys.com\/?page_id=303\">Bilgi Teknolojileri Dan\u0131\u015fmanl\u0131\u011f\u0131<\/a><\/li>\n<li id=\"menu-item-303\" class=\"menu-item menu-item-type-post_type menu-item-object-page menu-item-303\"><a href=\"https:\/\/www.normkys.com\/?page_id=301\">End\u00fcstri 4.0 Dan\u0131\u015fmanl\u0131\u011f\u0131<\/a><\/li>\n<li id=\"menu-item-754\" class=\"menu-item menu-item-type-post_type menu-item-object-page menu-item-754\"><a href=\"https:\/\/www.normkys.com\/?page_id=299\">Dijital D\u00f6n\u00fc\u015f\u00fcm Dan\u0131\u015fmanl\u0131\u011f\u0131<\/a><\/li>\n","protected":false},"excerpt":{"rendered":"<p>Entegre Kalite Y\u00f6netim Sistemi Yaz\u0131l\u0131m Destek Hizmetleri Bilgi Teknolojileri Dan\u0131\u015fmanl\u0131\u011f\u0131 End\u00fcstri 4.0 Dan\u0131\u015fmanl\u0131\u011f\u0131 Dijital D\u00f6n\u00fc\u015f\u00fcm Dan\u0131\u015fmanl\u0131\u011f\u0131<\/p>\n","protected":false},"author":2,"featured_media":0,"parent":0,"menu_order":0,"comment_status":"closed","ping_status":"closed","template":"","meta":{"neve_meta_sidebar":"","neve_meta_container":"","neve_meta_enable_content_width":"","neve_meta_content_width":0,"neve_meta_title_alignment":"","neve_meta_author_avatar":"","neve_post_elements_order":"","neve_meta_disable_header":"","neve_meta_disable_footer":"","neve_meta_disable_title":"","_themeisle_gutenberg_block_has_review":false,"footnotes":""},"class_list":["post-627","page","type-page","status-publish","hentry"],"aioseo_notices":[],"_links":{"self":[{"href":"https:\/\/www.normkys.com\/index.php?rest_route=\/wp\/v2\/pages\/627","targetHints":{"allow":["GET"]}}],"collection":[{"href":"https:\/\/www.normkys.com\/index.php?rest_route=\/wp\/v2\/pages"}],"about":[{"href":"https:\/\/www.normkys.com\/index.php?rest_route=\/wp\/v2\/types\/page"}],"author":[{"embeddable":true,"href":"https:\/\/www.normkys.com\/index.php?rest_route=\/wp\/v2\/users\/2"}],"replies":[{"embeddable":true,"href":"https:\/\/www.normkys.com\/index.php?rest_route=%2Fwp%2Fv2%2Fcomments&post=627"}],"version-history":[{"count":5,"href":"https:\/\/www.normkys.com\/index.php?rest_route=\/wp\/v2\/pages\/627\/revisions"}],"predecessor-version":[{"id":1544,"href":"https:\/\/www.normkys.com\/index.php?rest_route=\/wp\/v2\/pages\/627\/revisions\/1544"}],"wp:attachment":[{"href":"https:\/\/www.normkys.com\/index.php?rest_route=%2Fwp%2Fv2%2Fmedia&parent=627"}],"curies":[{"name":"wp","href":"https:\/\/api.w.org\/{rel}","templated":true}]}}