{"id":333,"date":"2021-02-19T00:43:08","date_gmt":"2021-02-18T21:43:08","guid":{"rendered":"http:\/\/www.techtiq.biz\/?page_id=333"},"modified":"2021-08-11T12:50:32","modified_gmt":"2021-08-11T09:50:32","slug":"qdms-entegre-yonetim-sistemi","status":"publish","type":"page","link":"https:\/\/www.normkys.com\/?page_id=333","title":{"rendered":"Entegre Kalite Y\u00f6netim Sistemi"},"content":{"rendered":"\n<figure class=\"wp-block-image is-resized is-style-rounded\" id=\"block-116926be-e541-48ae-9c43-e44cf337bbd0\"><img loading=\"lazy\" decoding=\"async\" src=\"https:\/\/www.normkys.com\/wp-content\/uploads\/2021\/02\/qd-Kopyasi.png\" alt=\"Bu g\u00f6rsel bo\u015f bir alt niteli\u011fe sahip; dosya ad\u0131 qd-Kopyasi.png\" width=\"343\" height=\"343\"\/><\/figure>\n\n\n\n<h3 class=\"wp-block-heading\" id=\"block-eb0ed1c9-45ab-44a1-84c0-6ea423ce814a\"><strong>Entegre Kalite Y\u00f6netim Sistemi<\/strong><\/h3>\n\n\n\n<p id=\"block-ec400b18-636b-48e0-8a4f-140ccaa45453\"><\/p>\n\n\n\n<h3 class=\"wp-block-heading\" id=\"block-03149abf-e342-46e3-9fe8-b5ac0bb7e905\"><\/h3>\n\n\n\n<p id=\"block-7012804b-157b-4243-9877-ea03c19260ba\">TECHTIQ Solutions ula\u015f\u0131labilir maliyet politikas\u0131 yal\u0131n ve basit kullan\u0131ml\u0131 mod\u00fclleri ile K\u00fc\u00e7\u00fck, Orta ve B\u00fcy\u00fck \u00f6l\u00e7ekli kurulu\u015flar\u0131n kulland\u0131\u011f\u0131 t\u00fcm kalite y\u00f6netim sistemlerini ve ilgili s\u00fcre\u00e7lerini dijital d\u00f6n\u00fc\u015f\u00fcme ta\u015f\u0131yan \u00e7\u00f6z\u00fcmleri ile firman\u0131z\u0131n maliyetlerini d\u00fc\u015f\u00fcrerek, y\u00fcksek katma de\u011ferli \u00fcr\u00fcnler \u00fcretmenizi sa\u011flayarak, rekabet g\u00fcc\u00fcn\u00fcz\u00fc artt\u0131rarak ve \u00fclke ekonomisine katk\u0131 sa\u011flaman\u0131za yard\u0131mc\u0131 olacakt\u0131r.<\/p>\n\n\n\n<p><\/p>\n\n\n\n<p><\/p>\n","protected":false},"excerpt":{"rendered":"<p>Entegre Kalite Y\u00f6netim Sistemi TECHTIQ Solutions ula\u015f\u0131labilir maliyet politikas\u0131 yal\u0131n ve basit kullan\u0131ml\u0131 mod\u00fclleri ile K\u00fc\u00e7\u00fck, Orta ve B\u00fcy\u00fck \u00f6l\u00e7ekli kurulu\u015flar\u0131n kulland\u0131\u011f\u0131 t\u00fcm kalite y\u00f6netim sistemlerini ve ilgili s\u00fcre\u00e7lerini dijital d\u00f6n\u00fc\u015f\u00fcme ta\u015f\u0131yan \u00e7\u00f6z\u00fcmleri ile firman\u0131z\u0131n maliyetlerini d\u00fc\u015f\u00fcrerek, y\u00fcksek katma de\u011ferli \u00fcr\u00fcnler \u00fcretmenizi sa\u011flayarak, rekabet g\u00fcc\u00fcn\u00fcz\u00fc artt\u0131rarak ve \u00fclke ekonomisine katk\u0131 sa\u011flaman\u0131za yard\u0131mc\u0131 olacakt\u0131r.<\/p>\n","protected":false},"author":2,"featured_media":0,"parent":0,"menu_order":0,"comment_status":"closed","ping_status":"closed","template":"","meta":{"neve_meta_sidebar":"full-width","neve_meta_container":"","neve_meta_enable_content_width":"on","neve_meta_content_width":100,"neve_meta_title_alignment":"","neve_meta_author_avatar":"","neve_post_elements_order":"","neve_meta_disable_header":"","neve_meta_disable_footer":"","neve_meta_disable_title":"","_themeisle_gutenberg_block_has_review":false,"footnotes":""},"class_list":["post-333","page","type-page","status-publish","hentry"],"aioseo_notices":[],"_links":{"self":[{"href":"https:\/\/www.normkys.com\/index.php?rest_route=\/wp\/v2\/pages\/333","targetHints":{"allow":["GET"]}}],"collection":[{"href":"https:\/\/www.normkys.com\/index.php?rest_route=\/wp\/v2\/pages"}],"about":[{"href":"https:\/\/www.normkys.com\/index.php?rest_route=\/wp\/v2\/types\/page"}],"author":[{"embeddable":true,"href":"https:\/\/www.normkys.com\/index.php?rest_route=\/wp\/v2\/users\/2"}],"replies":[{"embeddable":true,"href":"https:\/\/www.normkys.com\/index.php?rest_route=%2Fwp%2Fv2%2Fcomments&post=333"}],"version-history":[{"count":1,"href":"https:\/\/www.normkys.com\/index.php?rest_route=\/wp\/v2\/pages\/333\/revisions"}],"predecessor-version":[{"id":823,"href":"https:\/\/www.normkys.com\/index.php?rest_route=\/wp\/v2\/pages\/333\/revisions\/823"}],"wp:attachment":[{"href":"https:\/\/www.normkys.com\/index.php?rest_route=%2Fwp%2Fv2%2Fmedia&parent=333"}],"curies":[{"name":"wp","href":"https:\/\/api.w.org\/{rel}","templated":true}]}}