{"id":303,"date":"2021-02-18T19:31:00","date_gmt":"2021-02-18T16:31:00","guid":{"rendered":"http:\/\/www.techtiq.biz\/?page_id=303"},"modified":"2022-04-19T10:19:53","modified_gmt":"2022-04-19T07:19:53","slug":"teknoloji-danismanligi","status":"publish","type":"page","link":"https:\/\/www.normkys.com\/?page_id=303","title":{"rendered":"Bilgi Teknolojileri Dan\u0131\u015fmanl\u0131\u011f\u0131"},"content":{"rendered":"\n<section id=\"wp-block-themeisle-blocks-advanced-columns-e4373a2b\" class=\"wp-block-themeisle-blocks-advanced-columns alignfull has-1-columns has-desktop-equal-layout has-tablet-equal-layout has-mobile-equal-layout has-vertical-flex-start\"><div class=\"wp-block-themeisle-blocks-advanced-columns-overlay\"><\/div><div class=\"innerblocks-wrap\">\n<div id=\"wp-block-themeisle-blocks-advanced-column-0b9db5af\" class=\"wp-block-themeisle-blocks-advanced-column\">\n<p>TECHTIQ Solutions, kurumlar\u0131 dijitalle\u015fme hedeflerine ula\u015ft\u0131racak en yeni bilgi teknolojilerini kullanarak, bilgi teknolojileri ortamlar\u0131n\u0131n planlanmas\u0131, yap\u0131land\u0131r\u0131lmas\u0131, kurulmas\u0131 ve y\u00f6netimi ile ilgili dan\u0131\u015fmanl\u0131k ve destek hizmetleri sunmaktad\u0131r. Bilgi teknolojileri dan\u0131\u015fmanl\u0131\u011f\u0131 yapt\u0131\u011f\u0131m\u0131z kurulu\u015flar\u0131n \u00e7al\u0131\u015fanlar\u0131 ile birlikte sinerjik bir tak\u0131m olu\u015fturarak, verdi\u011fimiz dan\u0131\u015fmanl\u0131k hizmetleri sonucunda kurumlara kal\u0131c\u0131 bir bilgi aktar\u0131m\u0131 ger\u00e7ekle\u015ftiriyoruz.<\/p>\n\n\n\n<p>Dan\u0131\u015fmanl\u0131k hizmetlerimizi, her kurulu\u015fun gereksinimine g\u00f6re \u00f6zel olarak planl\u0131yoruz. Bu hizmetlerimiz a\u015fa\u011f\u0131daki 3 ana konudan olu\u015fuyor:<\/p>\n\n\n\n<section id=\"wp-block-themeisle-blocks-advanced-columns-6fc7adce\" class=\"wp-block-themeisle-blocks-advanced-columns has-3-columns has-desktop-equal-layout has-tablet-equal-layout has-mobile-collapsedRows-layout has-vertical-flex-start\"><div class=\"wp-block-themeisle-blocks-advanced-columns-overlay\"><\/div><div class=\"innerblocks-wrap\">\n<div id=\"wp-block-themeisle-blocks-advanced-column-25e97a9a\" class=\"wp-block-themeisle-blocks-advanced-column\">\n<div class=\"wp-block-image\"><figure class=\"aligncenter size-full\"><img loading=\"lazy\" decoding=\"async\" width=\"315\" height=\"210\" src=\"https:\/\/www.normkys.com\/wp-content\/uploads\/2022\/04\/bt1.jpg\" alt=\"\" class=\"wp-image-1442\" srcset=\"https:\/\/www.normkys.com\/wp-content\/uploads\/2022\/04\/bt1.jpg 315w, https:\/\/www.normkys.com\/wp-content\/uploads\/2022\/04\/bt1-300x200.jpg 300w\" sizes=\"auto, (max-width: 315px) 100vw, 315px\" \/><\/figure><\/div>\n\n\n\n<h3 class=\"has-text-align-left wp-block-heading\">Stratejik Dan\u0131\u015fmanl\u0131k Hizmetleri(IT Advisory)<\/h3>\n\n\n\n<p class=\"has-text-align-left\">Kurumlar\u0131n bilgi teknolojileri stratejilerinin belirlenmesini kapsayan bir hizmettir. Sadece teknik bir \u00e7al\u0131\u015fma olmay\u0131p, kurulu\u015funuzun t\u00fcm BT ihtiya\u00e7lar\u0131n\u0131n belirlenip dijitalle\u015fme yol haritas\u0131 \u00e7\u0131kar\u0131lmaktad\u0131r.<\/p>\n<\/div>\n\n\n\n<div id=\"wp-block-themeisle-blocks-advanced-column-b5b3ad1c\" class=\"wp-block-themeisle-blocks-advanced-column\">\n<div class=\"wp-block-image\"><figure class=\"aligncenter size-full\"><img loading=\"lazy\" decoding=\"async\" width=\"210\" height=\"210\" src=\"https:\/\/www.normkys.com\/wp-content\/uploads\/2022\/04\/bt2.jpg\" alt=\"\" class=\"wp-image-1443\" srcset=\"https:\/\/www.normkys.com\/wp-content\/uploads\/2022\/04\/bt2.jpg 210w, https:\/\/www.normkys.com\/wp-content\/uploads\/2022\/04\/bt2-150x150.jpg 150w\" sizes=\"auto, (max-width: 210px) 100vw, 210px\" \/><\/figure><\/div>\n\n\n\n<h3 class=\"has-text-align-left wp-block-heading\">Teknoloji ve \u00c7\u00f6z\u00fcm Hizmetleri<\/h3>\n\n\n\n<p>Tamam\u0131 teknik olan bu \u00e7al\u0131\u015fma ile, ihtiya\u00e7lar\u0131n\u0131z i\u00e7in gerekli t\u00fcm \u00e7\u00f6z\u00fcmler uzman dan\u0131\u015fmanlar\u0131m\u0131z taraf\u0131ndan bizzat tespit edilip ger\u00e7ekle\u015ftirilen \u00e7al\u0131\u015fmalar\u0131 kapsar.<\/p>\n<\/div>\n\n\n\n<div id=\"wp-block-themeisle-blocks-advanced-column-6be03cf4\" class=\"wp-block-themeisle-blocks-advanced-column\">\n<div class=\"wp-block-image\"><figure class=\"aligncenter size-full\"><img loading=\"lazy\" decoding=\"async\" width=\"280\" height=\"210\" src=\"https:\/\/www.normkys.com\/wp-content\/uploads\/2022\/04\/bt3.jpg\" alt=\"\" class=\"wp-image-1444\"\/><\/figure><\/div>\n\n\n\n<h3 class=\"has-text-align-left wp-block-heading\">Workshop (At\u00f6lye) \u00c7al\u0131\u015fmalar\u0131<\/h3>\n\n\n\n<p>Ger\u00e7ekle\u015fmesi planlanan BT ortam\u0131n\u0131n bir kavramsal tasar\u0131m\u0131 \u00e7\u0131kar\u0131l\u0131r ve e\u011fitim, uygulama ve test \u00e7al\u0131\u015fmalar\u0131n\u0131 i\u00e7erir.<\/p>\n<\/div>\n<\/div><\/section>\n<\/div>\n<\/div><\/section>\n","protected":false},"excerpt":{"rendered":"","protected":false},"author":2,"featured_media":0,"parent":0,"menu_order":0,"comment_status":"closed","ping_status":"closed","template":"","meta":{"neve_meta_sidebar":"full-width","neve_meta_container":"full-width","neve_meta_enable_content_width":"on","neve_meta_content_width":100,"neve_meta_title_alignment":"","neve_meta_author_avatar":"","neve_post_elements_order":"","neve_meta_disable_header":"","neve_meta_disable_footer":"","neve_meta_disable_title":"","_themeisle_gutenberg_block_has_review":false,"footnotes":""},"class_list":["post-303","page","type-page","status-publish","hentry"],"aioseo_notices":[],"_links":{"self":[{"href":"https:\/\/www.normkys.com\/index.php?rest_route=\/wp\/v2\/pages\/303","targetHints":{"allow":["GET"]}}],"collection":[{"href":"https:\/\/www.normkys.com\/index.php?rest_route=\/wp\/v2\/pages"}],"about":[{"href":"https:\/\/www.normkys.com\/index.php?rest_route=\/wp\/v2\/types\/page"}],"author":[{"embeddable":true,"href":"https:\/\/www.normkys.com\/index.php?rest_route=\/wp\/v2\/users\/2"}],"replies":[{"embeddable":true,"href":"https:\/\/www.normkys.com\/index.php?rest_route=%2Fwp%2Fv2%2Fcomments&post=303"}],"version-history":[{"count":20,"href":"https:\/\/www.normkys.com\/index.php?rest_route=\/wp\/v2\/pages\/303\/revisions"}],"predecessor-version":[{"id":1545,"href":"https:\/\/www.normkys.com\/index.php?rest_route=\/wp\/v2\/pages\/303\/revisions\/1545"}],"wp:attachment":[{"href":"https:\/\/www.normkys.com\/index.php?rest_route=%2Fwp%2Fv2%2Fmedia&parent=303"}],"curies":[{"name":"wp","href":"https:\/\/api.w.org\/{rel}","templated":true}]}}