{"id":285,"date":"2021-02-18T18:14:02","date_gmt":"2021-02-18T18:14:02","guid":{"rendered":"http:\/\/www.techtiq.biz\/?page_id=285"},"modified":"2021-05-10T23:24:42","modified_gmt":"2021-05-10T20:24:42","slug":"sap-arge-yeni-urun-gelistirme-cozumleri","status":"publish","type":"page","link":"https:\/\/www.normkys.com\/?page_id=285","title":{"rendered":"Kariyer"},"content":{"rendered":"\n<p class=\"has-medium-font-size\"><strong>TECHTIQ&#8217;de Kariyer<\/strong><\/p>\n\n\n\n<p>Kendinizi ilerletmeye te\u015fvik edecek bir kariyer sunabiliriz. Her g\u00fcn yeni \u015feyler \u00f6\u011freneceksiniz, beceri ve yeteneklerinizden en iyi \u015fekilde faydalanacaks\u0131n\u0131z. ileriye bakan ve m\u00fc\u015fteri odakl\u0131 bir i\u015fletmenin par\u00e7as\u0131 olabilirsiniz.<\/p>\n\n\n\n<p><\/p>\n\n\n\n<p class=\"has-medium-font-size\"><strong><a href=\"https:\/\/www.linkedin.com\/jobs\/techtiq-solutions-jobs-worldwide?f_C=72007465&amp;trk=top-card_top-card-primary-button-top-card-primary-cta&amp;position=1&amp;pageNum=0\" target=\"_blank\" rel=\"noreferrer noopener\">Ekibimize Kat\u0131l\u0131n<\/a><\/strong><\/p>\n\n\n\n<figure class=\"wp-block-image size-large\"><img loading=\"lazy\" decoding=\"async\" width=\"401\" height=\"253\" src=\"https:\/\/www.normkys.com\/wp-content\/uploads\/2021\/03\/Adsiz-tasarim-4.png\" alt=\"\" class=\"wp-image-452\" srcset=\"https:\/\/www.normkys.com\/wp-content\/uploads\/2021\/03\/Adsiz-tasarim-4.png 401w, https:\/\/www.normkys.com\/wp-content\/uploads\/2021\/03\/Adsiz-tasarim-4-300x189.png 300w\" sizes=\"auto, (max-width: 401px) 100vw, 401px\" \/><\/figure>\n\n\n\n<p>Amac\u0131m\u0131z, bizi gelece\u011fe ta\u015f\u0131yacak ve uygun yetkinliklere sahip \u00e7al\u0131\u015fanlar\u0131 i\u015fe almak ve bu ki\u015fileri en k\u0131sa s\u00fcrede geli\u015ftirerek i\u015f s\u00fcre\u00e7lerimizde katk\u0131lar\u0131n\u0131 artt\u0131rmakt\u0131r. Se\u00e7me ve yerle\u015ftirme s\u00fcrecimiz yetkinliklerinizi esas al\u0131r. Ba\u015fvuru de\u011ferlendirme s\u00fcrecinde pozisyona uygun olan adaylar g\u00f6r\u00fc\u015fmeye davet edilir. Aday\u0131n pozisyona uygunlu\u011fu farkl\u0131 insan kaynaklar\u0131 \u00f6l\u00e7\u00fcm ara\u00e7lar\u0131 kullan\u0131larak de\u011ferlendirilir. \u015eirketimize ula\u015fan t\u00fcm ba\u015fvurulara olumlu veya olumsuz yan\u0131t vermek ana ilkelerimizden biridir.<\/p>\n\n\n\n<p>Siz de ekibimizin bir par\u00e7as\u0131 olmak isterseniz Linkedin&nbsp;<a rel=\"noreferrer noopener\" href=\"https:\/\/www.linkedin.com\/jobs\/techtiq-solutions-jobs-worldwide?f_C=72007465&amp;trk=top-card_top-card-primary-button-top-card-primary-cta&amp;position=1&amp;pageNum=0\" data-type=\"URL\" target=\"_blank\">Kariyer F\u0131rsatlar\u0131<\/a>&nbsp;sayfam\u0131zdan a\u00e7\u0131k pozisyonlar\u0131m\u0131z\u0131 inceleyebilir ve ba\u015fvuru yapabilirsiniz.<\/p>\n\n\n\n<p>Ki\u015fisel Verilerin Korunmas\u0131 Kanunu kapsam\u0131nda, \u00c7al\u0131\u015fan Aday\u0131 Ayd\u0131nlanma ve A\u00e7\u0131k R\u0131za Metinlerine a\u015fa\u011f\u0131daki ba\u011flant\u0131dan ula\u015fabilirsiniz.<\/p>\n\n\n\n<div class=\"wp-block-file\"><a href=\"https:\/\/www.normkys.com\/wp-content\/uploads\/2021\/05\/EK1.pdf\">EK1 G\u00f6r\u00fcnt\u00fcle<\/a><a href=\"https:\/\/www.normkys.com\/wp-content\/uploads\/2021\/05\/EK1.pdf\" class=\"wp-block-file__button\" download>\u0130ndir<\/a><\/div>\n\n\n\n<div class=\"wp-block-file\"><a href=\"https:\/\/www.normkys.com\/wp-content\/uploads\/2021\/05\/EK2.pdf\">EK2 G\u00f6r\u00fcnt\u00fcle<\/a><a href=\"https:\/\/www.normkys.com\/wp-content\/uploads\/2021\/05\/EK2.pdf\" class=\"wp-block-file__button\" download>\u0130ndir<\/a><\/div>\n","protected":false},"excerpt":{"rendered":"<p>TECHTIQ&#8217;de Kariyer Kendinizi ilerletmeye te\u015fvik edecek bir kariyer sunabiliriz. Her g\u00fcn yeni \u015feyler \u00f6\u011freneceksiniz, beceri ve yeteneklerinizden en iyi \u015fekilde faydalanacaks\u0131n\u0131z. ileriye bakan ve m\u00fc\u015fteri odakl\u0131 bir i\u015fletmenin par\u00e7as\u0131 olabilirsiniz. Ekibimize Kat\u0131l\u0131n Amac\u0131m\u0131z, bizi gelece\u011fe ta\u015f\u0131yacak ve uygun yetkinliklere sahip \u00e7al\u0131\u015fanlar\u0131 i\u015fe almak ve bu ki\u015fileri en k\u0131sa s\u00fcrede geli\u015ftirerek i\u015f s\u00fcre\u00e7lerimizde katk\u0131lar\u0131n\u0131 artt\u0131rmakt\u0131r. Se\u00e7me&hellip;&nbsp;<a href=\"https:\/\/www.normkys.com\/?page_id=285\" rel=\"bookmark\">Daha fazlas\u0131n\u0131 oku &raquo;<span class=\"screen-reader-text\">Kariyer<\/span><\/a><\/p>\n","protected":false},"author":2,"featured_media":0,"parent":0,"menu_order":0,"comment_status":"closed","ping_status":"closed","template":"","meta":{"neve_meta_sidebar":"full-width","neve_meta_container":"","neve_meta_enable_content_width":"on","neve_meta_content_width":100,"neve_meta_title_alignment":"","neve_meta_author_avatar":"","neve_post_elements_order":"","neve_meta_disable_header":"","neve_meta_disable_footer":"","neve_meta_disable_title":"","_themeisle_gutenberg_block_has_review":false,"footnotes":""},"class_list":["post-285","page","type-page","status-publish","hentry"],"aioseo_notices":[],"_links":{"self":[{"href":"https:\/\/www.normkys.com\/index.php?rest_route=\/wp\/v2\/pages\/285","targetHints":{"allow":["GET"]}}],"collection":[{"href":"https:\/\/www.normkys.com\/index.php?rest_route=\/wp\/v2\/pages"}],"about":[{"href":"https:\/\/www.normkys.com\/index.php?rest_route=\/wp\/v2\/types\/page"}],"author":[{"embeddable":true,"href":"https:\/\/www.normkys.com\/index.php?rest_route=\/wp\/v2\/users\/2"}],"replies":[{"embeddable":true,"href":"https:\/\/www.normkys.com\/index.php?rest_route=%2Fwp%2Fv2%2Fcomments&post=285"}],"version-history":[{"count":6,"href":"https:\/\/www.normkys.com\/index.php?rest_route=\/wp\/v2\/pages\/285\/revisions"}],"predecessor-version":[{"id":766,"href":"https:\/\/www.normkys.com\/index.php?rest_route=\/wp\/v2\/pages\/285\/revisions\/766"}],"wp:attachment":[{"href":"https:\/\/www.normkys.com\/index.php?rest_route=%2Fwp%2Fv2%2Fmedia&parent=285"}],"curies":[{"name":"wp","href":"https:\/\/api.w.org\/{rel}","templated":true}]}}