{"id":1408,"date":"2022-04-18T10:01:30","date_gmt":"2022-04-18T07:01:30","guid":{"rendered":"https:\/\/www.normkys.com\/?page_id=1408"},"modified":"2022-04-21T10:59:21","modified_gmt":"2022-04-21T07:59:21","slug":"egitimler","status":"publish","type":"page","link":"https:\/\/www.normkys.com\/?page_id=1408","title":{"rendered":"E\u011fitimler"},"content":{"rendered":"\n<section id=\"wp-block-themeisle-blocks-advanced-columns-69940be8\" class=\"wp-block-themeisle-blocks-advanced-columns alignfull has-2-columns has-desktop-oneTwo-layout has-tablet-collapsedRows-layout has-mobile-collapsedRows-layout has-vertical-flex-start\"><div class=\"wp-block-themeisle-blocks-advanced-columns-overlay\"><\/div><div class=\"innerblocks-wrap\">\n<div id=\"wp-block-themeisle-blocks-advanced-column-6b55fa3d\" class=\"wp-block-themeisle-blocks-advanced-column\">\n<p><\/p>\n\n\n\n<p><\/p>\n\n\n\n<p><\/p>\n\n\n\n<p><\/p>\n\n\n\n<div class=\"wp-block-image is-style-default\"><figure class=\"aligncenter size-full\"><img loading=\"lazy\" decoding=\"async\" width=\"500\" height=\"357\" src=\"https:\/\/www.normkys.com\/wp-content\/uploads\/2022\/04\/iso-certificate.jpg\" alt=\"\" class=\"wp-image-1551\" srcset=\"https:\/\/www.normkys.com\/wp-content\/uploads\/2022\/04\/iso-certificate.jpg 500w, https:\/\/www.normkys.com\/wp-content\/uploads\/2022\/04\/iso-certificate-300x214.jpg 300w\" sizes=\"auto, (max-width: 500px) 100vw, 500px\" \/><\/figure><\/div>\n\n\n\n<p><\/p>\n\n\n\n<h2 class=\"wp-block-heading\"><strong>T\u00fcm e\u011fitim taleplerinizi bize belirtti\u011finiz takdirde, sizlere teklifimizi iletmekten mutluluk duyar\u0131z.<\/strong><\/h2>\n\n\n\n<p class=\"has-text-align-left\"><\/p>\n\n\n\n<div class=\"wp-block-buttons is-layout-flex wp-block-buttons-is-layout-flex\">\n<div class=\"wp-block-button is-style-primary\"><a class=\"wp-block-button__link has-neve-text-color-color has-nv-c-2-background-color has-text-color has-background\" href=\"https:\/\/www.normkys.com\/?page_id=1461\">Bize Ula\u015f\u0131n<\/a><\/div>\n<\/div>\n\n\n\n<p><\/p>\n\n\n\n<div class=\"wp-block-buttons is-layout-flex wp-block-buttons-is-layout-flex\"><\/div>\n<\/div>\n\n\n\n<div id=\"wp-block-themeisle-blocks-advanced-column-ca41b320\" class=\"wp-block-themeisle-blocks-advanced-column\">\n<p class=\"has-text-align-center\" style=\"font-size:24px\">Sekt\u00f6rlere \u00f6zel e\u011fitim i\u00e7eriklerimiz teorik ve uygulamal\u0131 olup g\u00fcncel \u00f6rneklerle b\u00fct\u00fcnle\u015ftirerek uzman e\u011fitmenlerimiz ile sizlere sunmaktay\u0131z. <\/p>\n\n\n\n<hr class=\"wp-block-separator\"\/>\n\n\n\n<h1 class=\"has-text-align-center wp-block-heading\">Ba\u015fl\u0131ca ISO E\u011fitimlerimiz<\/h1>\n\n\n\n\n\n<div class=\"wp-block-buttons is-layout-flex wp-block-buttons-is-layout-flex\">\n<div class=\"wp-block-button is-style-default\"><a class=\"wp-block-button__link has-neve-text-color-color has-pale-ocean-gradient-background has-text-color has-background\">ISO 9001 Kalite Y\u00f6netim Sistemi<\/a><\/div>\n\n\n\n<div class=\"wp-block-button is-style-primary\"><a class=\"wp-block-button__link has-neve-text-color-color has-pale-ocean-gradient-background has-text-color has-background\">ISO 10002 M\u00fc\u015fteri Memnuniyeti Y\u00f6netim Sistemi<\/a><\/div>\n\n\n\n<div class=\"wp-block-button is-style-primary\"><a class=\"wp-block-button__link has-neve-text-color-color has-pale-ocean-gradient-background has-text-color has-background\">ISO 13485 T\u0131bbi Cihazlar Y\u00f6netim Sistemi<\/a><\/div>\n\n\n\n<div class=\"wp-block-button is-style-secondary\"><a class=\"wp-block-button__link has-neve-text-color-color has-pale-ocean-gradient-background has-text-color has-background\">ISO 14001 \u00c7evre Y\u00f6netim Sistemi<\/a><\/div>\n\n\n\n<div class=\"wp-block-button is-style-primary\"><a class=\"wp-block-button__link has-neve-text-color-color has-pale-ocean-gradient-background has-text-color has-background\">ISO 16949 Otomotiv Kalite Y\u00f6netim Sistemi<\/a><\/div>\n\n\n\n<div class=\"wp-block-button is-style-primary\"><a class=\"wp-block-button__link has-neve-text-color-color has-pale-ocean-gradient-background has-text-color has-background\">ISO 19011 Y\u00f6netim Sistemleri Denetim Standard\u0131<\/a><\/div>\n\n\n\n<div class=\"wp-block-button is-style-primary\"><a class=\"wp-block-button__link has-neve-text-color-color has-pale-ocean-gradient-background has-text-color has-background\">ISO 20000 Bilgi Teknolojileri Hizmet Y\u00f6netim Sistemi<\/a><\/div>\n\n\n\n<div class=\"wp-block-button is-style-primary\"><a class=\"wp-block-button__link has-neve-text-color-color has-pale-ocean-gradient-background has-text-color has-background\">ISO 22301 Toplumsal G\u00fcvenlik ve \u0130\u015f S\u00fcreklili\u011fi Y\u00f6netim Sistemi<\/a><\/div>\n\n\n\n<div class=\"wp-block-button is-style-primary\"><a class=\"wp-block-button__link has-neve-text-color-color has-pale-ocean-gradient-background has-text-color has-background\">ISO 26000 Sosyal Sorumluluk Y\u00f6netim Sistemi<\/a><\/div>\n\n\n\n<div class=\"wp-block-button is-style-primary\"><a class=\"wp-block-button__link has-neve-text-color-color has-pale-ocean-gradient-background has-text-color has-background\">ISO 27001 Bilgi G\u00fcvenli\u011fi <\/a><\/div>\n\n\n\n<div class=\"wp-block-button is-style-primary\"><a class=\"wp-block-button__link has-neve-text-color-color has-pale-ocean-gradient-background has-text-color has-background\">ISO 28000 Tedarik Zinciri G\u00fcvenli\u011fi Y\u00f6netim Sistemi<\/a><\/div>\n\n\n\n<div class=\"wp-block-button is-style-primary\"><a class=\"wp-block-button__link has-neve-text-color-color has-pale-ocean-gradient-background has-text-color has-background\">ISO 31000 Kurumsal Risk Y\u00f6netimi<\/a><\/div>\n\n\n\n<div class=\"wp-block-button is-style-primary\"><a class=\"wp-block-button__link has-neve-text-color-color has-pale-ocean-gradient-background has-text-color has-background\">ISO 45001 \u0130\u015f Sa\u011fl\u0131\u011f\u0131 ve G\u00fcvenli\u011fi Y\u00f6netim Sistemi<\/a><\/div>\n\n\n\n<div class=\"wp-block-button is-style-primary\"><a class=\"wp-block-button__link has-neve-text-color-color has-pale-ocean-gradient-background has-text-color has-background\">ISO 50001 Enerji Y\u00f6netim Sistemi<\/a><\/div>\n<\/div>\n\n\n\n<h2 class=\"wp-block-heading\"><\/h2>\n\n\n\n<p>\u00a0<\/p>\n<p>\u00a0<\/p>\n\n\n\n<hr class=\"wp-block-separator\"\/>\n\n\n\n<h1 id=\"wp-block-themeisle-blocks-advanced-heading-37c030ab\" class=\"wp-block-themeisle-blocks-advanced-heading wp-block-themeisle-blocks-advanced-heading-37c030ab\"><strong>Di\u011fer E\u011fitimlerimiz<\/strong><br><\/h1>\n\n\n\n\n\n<div class=\"wp-block-buttons is-layout-flex wp-block-buttons-is-layout-flex\">\n<div class=\"wp-block-button is-style-primary\"><a class=\"wp-block-button__link has-neve-text-color-color has-blush-light-purple-gradient-background has-text-color has-background\">Dok\u00fcman Y\u00f6netim Sistemi E\u011fitimi<\/a><\/div>\n\n\n\n<div class=\"wp-block-button is-style-primary\"><a class=\"wp-block-button__link has-neve-text-color-color has-blush-light-purple-gradient-background has-text-color has-background\">FMEA E\u011fitimi<\/a><\/div>\n\n\n\n<div class=\"wp-block-button is-style-primary\"><a class=\"wp-block-button__link has-neve-text-color-color has-blush-light-purple-gradient-background has-text-color has-background\">KVKK E\u011fitimi<\/a><\/div>\n\n\n\n<div class=\"wp-block-button is-style-primary\"><a class=\"wp-block-button__link has-neve-text-color-color has-blush-light-purple-gradient-background has-text-color has-background\">5S E\u011fitimi<\/a><\/div>\n\n\n\n<div class=\"wp-block-button is-style-primary\"><a class=\"wp-block-button__link has-neve-text-color-color has-blush-light-purple-gradient-background has-text-color has-background\">M\u00fc\u015fteri Memnuniyeti Odakl\u0131 Liderlik E\u011fitimi<\/a><\/div>\n\n\n\n<div class=\"wp-block-button is-style-primary\"><a class=\"wp-block-button__link has-neve-text-color-color has-blush-light-purple-gradient-background has-text-color has-background\">De\u011fi\u015fim Y\u00f6netimi E\u011fitimi<\/a><\/div>\n\n\n\n<div class=\"wp-block-button is-style-primary\"><a class=\"wp-block-button__link has-neve-text-color-color has-blush-light-purple-gradient-background has-text-color has-background\">Risk Tabanl\u0131 Proses G\u00fcvenli\u011fi E\u011fitimi<\/a><\/div>\n\n\n\n<div class=\"wp-block-button is-style-primary\"><a class=\"wp-block-button__link has-neve-text-color-color has-blush-light-purple-gradient-background has-text-color has-background\">Toplam Kalite Y\u00f6netimi E\u011fitimi<\/a><\/div>\n\n\n\n<div class=\"wp-block-button is-style-primary\"><a class=\"wp-block-button__link has-neve-text-color-color has-blush-light-purple-gradient-background has-text-color has-background\">Tak\u0131m \u00c7al\u0131\u015fmas\u0131 E\u011fitimi<\/a><\/div>\n\n\n\n<div class=\"wp-block-button is-style-primary\"><a class=\"wp-block-button__link has-neve-text-color-color has-blush-light-purple-gradient-background has-text-color has-background\">\u0130leti\u015fim E\u011fitimi<\/a><\/div>\n\n\n\n<div class=\"wp-block-button is-style-primary\"><a class=\"wp-block-button__link has-neve-text-color-color has-blush-light-purple-gradient-background has-text-color has-background\">Sat\u0131\u015f Becerileri Geli\u015ftirme E\u011fitimi<\/a><\/div>\n\n\n\n<div class=\"wp-block-button is-style-primary\"><a class=\"wp-block-button__link has-neve-text-color-color has-blush-light-purple-gradient-background has-text-color has-background\">M\u00fc\u015fteri ile \u0130li\u015fkiler (\u0130leti\u015fim) E\u011fitimi<\/a><\/div>\n\n\n\n<div class=\"wp-block-button is-style-primary\"><a class=\"wp-block-button__link has-neve-text-color-color has-blush-light-purple-gradient-background has-text-color has-background\">Personel Performans Y\u00f6netimi E\u011fitimi<\/a><\/div>\n\n\n\n<div class=\"wp-block-button is-style-primary\"><a class=\"wp-block-button__link has-neve-text-color-color has-blush-light-purple-gradient-background has-text-color has-background\">\u00d6ner \u00c7\u00f6z \u2013 K\u0131l\u00e7\u0131k Diagram\u0131 E\u011fitimi<\/a><\/div>\n\n\n\n<div class=\"wp-block-button is-style-primary\"><a class=\"wp-block-button__link has-neve-text-color-color has-blush-light-purple-gradient-background has-text-color has-background\">Beyin F\u0131rt\u0131nas\u0131 E\u011fitimi<\/a><\/div>\n\n\n\n<div class=\"wp-block-button is-style-primary\"><a class=\"wp-block-button__link has-neve-text-color-color has-blush-light-purple-gradient-background has-text-color has-background\">Toplant\u0131 Sanat\u0131 E\u011fitimi<\/a><\/div>\n\n\n\n<div class=\"wp-block-button is-style-primary\"><a class=\"wp-block-button__link has-neve-text-color-color has-blush-light-purple-gradient-background has-text-color has-background\">Kalite Tak\u0131mlar\u0131 E\u011fitim<\/a><\/div>\n<\/div>\n<\/div>\n<\/div><\/section>\n","protected":false},"excerpt":{"rendered":"","protected":false},"author":3,"featured_media":0,"parent":0,"menu_order":0,"comment_status":"closed","ping_status":"closed","template":"","meta":{"neve_meta_sidebar":"","neve_meta_container":"","neve_meta_enable_content_width":"","neve_meta_content_width":0,"neve_meta_title_alignment":"","neve_meta_author_avatar":"","neve_post_elements_order":"","neve_meta_disable_header":"","neve_meta_disable_footer":"","neve_meta_disable_title":"","_themeisle_gutenberg_block_has_review":false,"footnotes":""},"class_list":["post-1408","page","type-page","status-publish","hentry"],"aioseo_notices":[],"_links":{"self":[{"href":"https:\/\/www.normkys.com\/index.php?rest_route=\/wp\/v2\/pages\/1408","targetHints":{"allow":["GET"]}}],"collection":[{"href":"https:\/\/www.normkys.com\/index.php?rest_route=\/wp\/v2\/pages"}],"about":[{"href":"https:\/\/www.normkys.com\/index.php?rest_route=\/wp\/v2\/types\/page"}],"author":[{"embeddable":true,"href":"https:\/\/www.normkys.com\/index.php?rest_route=\/wp\/v2\/users\/3"}],"replies":[{"embeddable":true,"href":"https:\/\/www.normkys.com\/index.php?rest_route=%2Fwp%2Fv2%2Fcomments&post=1408"}],"version-history":[{"count":62,"href":"https:\/\/www.normkys.com\/index.php?rest_route=\/wp\/v2\/pages\/1408\/revisions"}],"predecessor-version":[{"id":1576,"href":"https:\/\/www.normkys.com\/index.php?rest_route=\/wp\/v2\/pages\/1408\/revisions\/1576"}],"wp:attachment":[{"href":"https:\/\/www.normkys.com\/index.php?rest_route=%2Fwp%2Fv2%2Fmedia&parent=1408"}],"curies":[{"name":"wp","href":"https:\/\/api.w.org\/{rel}","templated":true}]}}